{"id":1695,"date":"2025-08-16T22:54:31","date_gmt":"2025-08-16T22:54:31","guid":{"rendered":"https:\/\/mevic.pt\/go\/?page_id=1695"},"modified":"2025-12-05T02:27:48","modified_gmt":"2025-12-05T02:27:48","slug":"statement-of-faith","status":"publish","type":"page","link":"https:\/\/mevic.pt\/go\/statement-of-faith\/","title":{"rendered":"Statement of Faith"},"content":{"rendered":"\n<div style=\"height:30px\" aria-hidden=\"true\" class=\"wp-block-spacer\"><\/div>\n\n\n\n<div class=\"wp-block-cover alignfull is-light\" style=\"min-height:600px;aspect-ratio:unset;\"><span aria-hidden=\"true\" class=\"wp-block-cover__background has-nv-light-bg-background-color has-background-dim\"><\/span><div class=\"wp-block-cover__inner-container is-layout-flow wp-block-cover-is-layout-flow\">\n<div class=\"wp-block-uagb-container uagb-block-22b3f8fc alignfull uagb-is-root-container\"><div class=\"uagb-container-inner-blocks-wrap\">\n<div class=\"wp-block-group\" style=\"padding-top:var(--wp--preset--spacing--30);padding-right:var(--wp--preset--spacing--30);padding-bottom:var(--wp--preset--spacing--30);padding-left:var(--wp--preset--spacing--30)\"><div class=\"wp-block-group__inner-container is-layout-flow wp-block-group-is-layout-flow\">\n<div style=\"height:30px\" aria-hidden=\"true\" class=\"wp-block-spacer\"><\/div>\n\n\n\n<p><i class=\"fa fa-crosshairs\" style=\"color:#05b1a9; font-size: 17px; float: left; margin: 8px 8px 4px 0px; vertical-align: top;\"><\/i><strong>We believe<\/strong> in the existence of one eternal, personal, intelligent, and spiritual God, eternally existing in three persons: Father, Son, and Holy Spirit.<\/p>\n\n\n\n<p><i class=\"fa fa-crosshairs\" style=\"color:#05b1a9; font-size: 17px; float: left; margin: 8px 8px 4px 0px; vertical-align: top;\"><\/i><strong>We believe<\/strong> in God&#8217;s sovereignty and wisdom in the creation and sustenance of the universe, in providence, revelation, and redemption.<\/p>\n\n\n\n<p><i class=\"fa fa-crosshairs\" style=\"color:#05b1a9; font-size: 17px; float: left; margin: 8px 8px 4px 0px; vertical-align: top;\"><\/i><strong>We believe<\/strong> in the Lord Jesus Christ as the Only Begotten Son of God and co-existent with the Father, in His human incarnation, in His virgin birth, in His sinless life, in His divine miracles, in His redemptive sacrifice, in His resurrection and bodily ascension, in His mediation with God, in His second coming, personal, visible and in power and glory.<\/p>\n\n\n\n<p><i class=\"fa fa-crosshairs\" style=\"color:#05b1a9; font-size: 17px; float: left; margin: 8px 8px 4px 0px; vertical-align: top;\"><\/i><strong>We believe<\/strong> in the Holy Spirit, His personality, divinity, and activity, who works the conversion and regeneration of the sinner and empowers him to witness to the Gospel and exercise spiritual gifts.<\/p>\n\n\n\n<p><i class=\"fa fa-crosshairs\" style=\"color:#05b1a9; font-size: 17px; float: left; margin: 8px 8px 4px 0px; vertical-align: top;\"><\/i><strong>We believe<\/strong> in the divine and complete inspiration of the Holy Scriptures, in their supreme authority as the sole and sufficient rule in matters of faith and conduct, and that there is no error or deception in anything they declare.<\/p>\n\n\n\n<p><i class=\"fa fa-crosshairs\" style=\"color:#05b1a9; font-size: 17px; float: left; margin: 8px 8px 4px 0px; vertical-align: top;\"><\/i><strong>We believe<\/strong> that man was created by God in His image, that he sinned in Adam, that he fell from his original state of holiness through willful transgression, and that he is currently a sinner by nature and choice, and is therefore under God&#8217;s condemnation.<\/p>\n\n\n\n<p><i class=\"fa fa-crosshairs\" style=\"color:#05b1a9; font-size: 17px; float: left; margin: 8px 8px 4px 0px; vertical-align: top;\"><\/i><strong>We believe<\/strong> in the salvation and justification of the sinner through the atoning sacrifice of Jesus Christ, which is obtained through faith in Him, as a grace from God, independent of human merit, good works, or ceremonies.<\/p>\n\n\n\n<p><i class=\"fa fa-crosshairs\" style=\"color:#05b1a9; font-size: 17px; float: left; margin: 8px 8px 4px 0px; vertical-align: top;\"><\/i><strong>We believe<\/strong> in the immortality of the soul, in the bodily resurrection of all the dead, in the final judgment of the world by the Lord Jesus Christ, and in the eternal condemnation of unbelievers.<\/p>\n\n\n\n<p><i class=\"fa fa-crosshairs\" style=\"color:#05b1a9; font-size: 17px; float: left; margin: 8px 8px 4px 0px; vertical-align: top;\"><\/i><strong>We believe<\/strong> that the church is the universal and spiritual body of Christ, whose head is He, with the mission of preaching the Gospel throughout the world and that, in its local expression, it is a living body, a communion of believers gathered for its edification, worship, and proclamation of the Gospel.<\/p>\n\n\n\n<p><i class=\"fa fa-crosshairs\" style=\"color:#05b1a9; font-size: 17px; float: left; margin: 8px 8px 4px 0px; vertical-align: top;\"><\/i><strong>We believe<\/strong> that Christ conferred upon His Church, with a permanent character, two ordinances: Baptism and the Lord&#8217;s Supper.<\/p>\n\n\n\n<p><i class=\"fa fa-crosshairs\" style=\"color:#05b1a9; font-size: 17px; float: left; margin: 8px 8px 4px 0px; vertical-align: top;\"><\/i><strong>We believe<\/strong> it is the duty of all local churches and of each individual believer to strive to make disciples in all nations and to proclaim to every creature the great salvation of God.<\/p>\n\n\n\n<p><i class=\"fa fa-crosshairs\" style=\"color:#05b1a9; font-size: 17px; float: left; margin: 8px 8px 4px 0px; vertical-align: top;\"><\/i>We believe it is the duty of every Christian to serve God in good stewardship, to promote peace among all people and cooperation among churches and brethren, with a view to achieving the great goals of the Kingdom of God.<\/p>\n\n\n\n<div class=\"wp-block-columns is-layout-flex wp-container-core-columns-is-layout-9d6595d7 wp-block-columns-is-layout-flex\">\n<div class=\"wp-block-column is-vertically-aligned-center is-layout-flow wp-block-column-is-layout-flow\" style=\"flex-basis:80%\">\n<p><strong>MEVIC Miss\u00e3o Evang\u00e9lica InterCultural is affiliated to the Alian\u00e7a Evang\u00e9lica Portuguesa<\/strong><\/p>\n<\/div>\n\n\n\n<div class=\"wp-block-column is-vertically-aligned-bottom is-layout-flow wp-block-column-is-layout-flow\" style=\"flex-basis:20%\"><div class=\"wp-block-image\">\n<figure class=\"aligncenter size-full\"><a href=\"https:\/\/aliancaevangelica.pt\"><img loading=\"lazy\" decoding=\"async\" width=\"214\" height=\"124\" src=\"https:\/\/mevic.pt\/go\/wp-content\/uploads\/2025\/08\/partner_aep.png\" alt=\"\" class=\"wp-image-2056\" srcset=\"https:\/\/mevic.pt\/go\/wp-content\/uploads\/2025\/08\/partner_aep.png 214w, https:\/\/mevic.pt\/go\/wp-content\/uploads\/2025\/08\/partner_aep-150x87.png 150w\" sizes=\"auto, (max-width: 214px) 100vw, 214px\" \/><\/a><\/figure>\n<\/div><\/div>\n<\/div>\n<\/div><\/div>\n<\/div><\/div>\n<\/div><\/div>\n\n\n\n<div style=\"height:30px\" aria-hidden=\"true\" class=\"wp-block-spacer\"><\/div>\n\n\n<input type=\"button\" value=\"Back\" class=\"alg_back_button_input \" style=\"color:#ffffff; border-radius:8px;\" onclick=\"window.history.back()\" \/>\n\n\n\n<div style=\"height:100px\" aria-hidden=\"true\" class=\"wp-block-spacer\"><\/div>\n","protected":false},"excerpt":{"rendered":"","protected":false},"author":1,"featured_media":0,"parent":0,"menu_order":0,"comment_status":"closed","ping_status":"closed","template":"","meta":{"_uag_custom_page_level_css":"","neve_meta_sidebar":"","neve_meta_container":"","neve_meta_enable_content_width":"","neve_meta_content_width":0,"neve_meta_title_alignment":"left","neve_meta_author_avatar":"","neve_post_elements_order":"","neve_meta_disable_header":"","neve_meta_disable_footer":"","neve_meta_disable_title":"off","_themeisle_gutenberg_block_has_review":false,"_vp_format_video_url":"","_vp_image_focal_point":[],"footnotes":""},"class_list":["post-1695","page","type-page","status-publish","hentry"],"uagb_featured_image_src":{"full":false,"thumbnail":false,"medium":false,"medium_large":false,"large":false,"1536x1536":false,"2048x2048":false,"vp_sm":false,"vp_md":false,"vp_lg":false,"vp_xl":false,"vp_sm_popup":false,"vp_md_popup":false,"vp_xl_popup":false,"neve-blog":false},"uagb_author_info":{"display_name":"wpadminmev","author_link":"https:\/\/mevic.pt\/go\/blog\/author\/wpadminmev\/"},"uagb_comment_info":0,"uagb_excerpt":null,"_links":{"self":[{"href":"https:\/\/mevic.pt\/go\/wp-json\/wp\/v2\/pages\/1695","targetHints":{"allow":["GET"]}}],"collection":[{"href":"https:\/\/mevic.pt\/go\/wp-json\/wp\/v2\/pages"}],"about":[{"href":"https:\/\/mevic.pt\/go\/wp-json\/wp\/v2\/types\/page"}],"author":[{"embeddable":true,"href":"https:\/\/mevic.pt\/go\/wp-json\/wp\/v2\/users\/1"}],"replies":[{"embeddable":true,"href":"https:\/\/mevic.pt\/go\/wp-json\/wp\/v2\/comments?post=1695"}],"version-history":[{"count":54,"href":"https:\/\/mevic.pt\/go\/wp-json\/wp\/v2\/pages\/1695\/revisions"}],"predecessor-version":[{"id":3648,"href":"https:\/\/mevic.pt\/go\/wp-json\/wp\/v2\/pages\/1695\/revisions\/3648"}],"wp:attachment":[{"href":"https:\/\/mevic.pt\/go\/wp-json\/wp\/v2\/media?parent=1695"}],"curies":[{"name":"wp","href":"https:\/\/api.w.org\/{rel}","templated":true}]}}