{"id":1239,"date":"2025-08-15T08:06:00","date_gmt":"2025-08-15T08:06:00","guid":{"rendered":"https:\/\/mevic.pt\/ir\/?page_id=1239"},"modified":"2025-12-03T20:39:31","modified_gmt":"2025-12-03T20:39:31","slug":"missionarios-fora-de-portugal","status":"publish","type":"page","link":"https:\/\/mevic.pt\/ir\/missionarios-fora-de-portugal\/","title":{"rendered":"Mission\u00e1rios fora de Portugal"},"content":{"rendered":"\n<div style=\"height:30px\" aria-hidden=\"true\" class=\"wp-block-spacer\"><\/div>\n\n\n\n<div class=\"wp-block-cover alignfull\" style=\"min-height:600px;aspect-ratio:unset;\"><span aria-hidden=\"true\" class=\"wp-block-cover__background has-nv-light-bg-background-color has-background-dim-100 has-background-dim\"><\/span><div class=\"wp-block-cover__inner-container is-layout-flow wp-block-cover-is-layout-flow\">\n<div class=\"wp-block-group\"><div class=\"wp-block-group__inner-container is-layout-flow wp-block-group-is-layout-flow\">\n<div style=\"height:80px\" aria-hidden=\"true\" class=\"wp-block-spacer\"><\/div>\n\n\n\n\t\t\t<div class=\"wp-block-uagb-post-grid uagb-post-grid  uagb-post__image-position-top uagb-post__image-enabled uagb-block-ef7a200d     uagb-post__items uagb-post__columns-4 is-grid uagb-post__columns-tablet-2 uagb-post__columns-mobile-1 uagb-post__equal-height\" data-total=\"1\" style=\"\">\n\n\t\t\t\t\t\t\t\t\t\t\t\t<article class=\"uagb-post__inner-wrap\">\t\t\t\t\t\t\t\t<div class='uagb-post__image'>\n\t\t\t\t\t\t\t\t\t<a href=\"https:\/\/mevic.pt\/ir\/blog\/2025\/08\/15\/abel-e-patricia-vallejos\/\" target=\"_self\" rel=\"bookmark noopener noreferrer\" class='uagb-image-ratio-inherit'><img loading=\"lazy\" decoding=\"async\" width=\"600\" height=\"600\" src=\"https:\/\/mevic.pt\/ir\/wp-content\/uploads\/2025\/08\/Abel_e_Patricia_Vallejos_s.jpg\" class=\"attachment-large size-large\" alt=\"\" srcset=\"https:\/\/mevic.pt\/ir\/wp-content\/uploads\/2025\/08\/Abel_e_Patricia_Vallejos_s.jpg 600w, https:\/\/mevic.pt\/ir\/wp-content\/uploads\/2025\/08\/Abel_e_Patricia_Vallejos_s-300x300.jpg 300w, https:\/\/mevic.pt\/ir\/wp-content\/uploads\/2025\/08\/Abel_e_Patricia_Vallejos_s-150x150.jpg 150w\" sizes=\"auto, (max-width: 600px) 100vw, 600px\" \/>\t\t\t\t\t<\/a>\n\t\t\t\t\t\t\t<\/div>\n\t\t\t\t\t\t<h3 class=\"uagb-post__title uagb-post__text\">\n\t\t\t\t<a href=\"https:\/\/mevic.pt\/ir\/blog\/2025\/08\/15\/abel-e-patricia-vallejos\/\" target=\"_self\" rel=\"bookmark noopener noreferrer\">Abel e Patr\u00edcia Vallejos<\/a>\n\t\t\t<\/h3>\n\t\t\t\t\t\t<div class='uagb-post__text uagb-post-grid-byline'>\n\t\t\t\t\t\t\t<\/div>\n\t\t\t\t\t\t<div class=\"uagb-post__text uagb-post__cta wp-block-button\">\n\t\t\t\t<a class=\"wp-block-button__link uagb-text-link\" style=\"\" href=\"https:\/\/mevic.pt\/ir\/blog\/2025\/08\/15\/abel-e-patricia-vallejos\/\" target=\"_self\" rel=\"bookmark noopener noreferrer\">Saber mais<\/a>\n\t\t\t<\/div>\n\t\t\t\n\t\t\t\t\t\t\t\t\t<\/article>\n\t\t\t\t\t\t\t\t\t\t\t\t\t\t\t\t<article class=\"uagb-post__inner-wrap\">\t\t\t\t\t\t\t\t<div class='uagb-post__image'>\n\t\t\t\t\t\t\t\t\t<a href=\"https:\/\/mevic.pt\/ir\/blog\/2025\/08\/15\/nazare-e-sandra-pereira\/\" target=\"_self\" rel=\"bookmark noopener noreferrer\" class='uagb-image-ratio-inherit'><img loading=\"lazy\" decoding=\"async\" width=\"600\" height=\"600\" src=\"https:\/\/mevic.pt\/ir\/wp-content\/uploads\/2025\/08\/N_Miguel_e_Sandra_s.jpg\" class=\"attachment-large size-large\" alt=\"\" srcset=\"https:\/\/mevic.pt\/ir\/wp-content\/uploads\/2025\/08\/N_Miguel_e_Sandra_s.jpg 600w, https:\/\/mevic.pt\/ir\/wp-content\/uploads\/2025\/08\/N_Miguel_e_Sandra_s-300x300.jpg 300w, https:\/\/mevic.pt\/ir\/wp-content\/uploads\/2025\/08\/N_Miguel_e_Sandra_s-150x150.jpg 150w\" sizes=\"auto, (max-width: 600px) 100vw, 600px\" \/>\t\t\t\t\t<\/a>\n\t\t\t\t\t\t\t<\/div>\n\t\t\t\t\t\t<h3 class=\"uagb-post__title uagb-post__text\">\n\t\t\t\t<a href=\"https:\/\/mevic.pt\/ir\/blog\/2025\/08\/15\/nazare-e-sandra-pereira\/\" target=\"_self\" rel=\"bookmark noopener noreferrer\">Nazar\u00e9 e Sandra Pereira<\/a>\n\t\t\t<\/h3>\n\t\t\t\t\t\t<div class='uagb-post__text uagb-post-grid-byline'>\n\t\t\t\t\t\t\t<\/div>\n\t\t\t\t\t\t<div class=\"uagb-post__text uagb-post__cta wp-block-button\">\n\t\t\t\t<a class=\"wp-block-button__link uagb-text-link\" style=\"\" href=\"https:\/\/mevic.pt\/ir\/blog\/2025\/08\/15\/nazare-e-sandra-pereira\/\" target=\"_self\" rel=\"bookmark noopener noreferrer\">Saber mais<\/a>\n\t\t\t<\/div>\n\t\t\t\n\t\t\t\t\t\t\t\t\t<\/article>\n\t\t\t\t\t\t\t\t\t\t\t<\/div>\n\t\t\t\n\n\n<div style=\"height:40px\" aria-hidden=\"true\" class=\"wp-block-spacer\"><\/div>\n<\/div><\/div>\n<\/div><\/div>\n\n\n\n<div class=\"wp-block-cover alignfull\" style=\"min-height:600px;aspect-ratio:unset;\"><span aria-hidden=\"true\" class=\"wp-block-cover__background has-neve-link-hover-color-background-color has-background-dim-70 has-background-dim\"><\/span><div class=\"wp-block-cover__inner-container is-layout-flow wp-block-cover-is-layout-flow\">\n<div class=\"wp-block-group\"><div class=\"wp-block-group__inner-container is-layout-flow wp-block-group-is-layout-flow\">\n<div style=\"height:80px\" aria-hidden=\"true\" class=\"wp-block-spacer\"><\/div>\n\n\n\n<div class=\"wp-block-columns is-layout-flex wp-container-core-columns-is-layout-9d6595d7 wp-block-columns-is-layout-flex\">\n<div class=\"wp-block-column is-layout-flow wp-block-column-is-layout-flow\" style=\"flex-basis:60%\">\n<h2 class=\"wp-block-heading has-text-align-center has-nv-dark-bg-color has-text-color has-link-color wp-elements-bb2e364402b73c50abc63d8fa7ee5166\">Gostaria de ser mission\u00e1rio da MEVIC?<\/h2>\n\n\n\n<p class=\"has-nv-dark-bg-color has-text-color\">Se Deus o tem chamado especificamente para servir como mission\u00e1rio, e se a sua lideran\u00e7a o pode recomendar, contacte-nos para receber mais informa\u00e7\u00f5es sobre como tornar-se um mission\u00e1rio associado \u00e0 MEVIC.<\/p>\n\n\n<style id=\"fluentform-block-custom-styles-3\">.fluentform.fluentform_wrapper_3.ff_guten_block.ff_guten_block-3 .ff-el-input--label label { color: #000000; }\n.fluentform.fluentform_wrapper_3.ff_guten_block.ff_guten_block-3 .ff-el-form-control, .fluentform.fluentform_wrapper_3.ff_guten_block.ff_guten_block-3 .ff-el-input--content input, .fluentform.fluentform_wrapper_3.ff_guten_block.ff_guten_block-3 .ff-el-input--content textarea, .fluentform.fluentform_wrapper_3.ff_guten_block.ff_guten_block-3 .ff-el-input--content select { color: #000000; }\n.fluentform.fluentform_wrapper_3.ff_guten_block.ff_guten_block-3 .ff-el-input--content input::placeholder, .fluentform.fluentform_wrapper_3.ff_guten_block.ff_guten_block-3 .ff-el-input--content textarea::placeholder { color: #000000; }\n.fluentform.fluentform_wrapper_3.ff_guten_block.ff_guten_block-3 .ff-el-form-check label { color: #000000; }\n.fluentform.fluentform_wrapper_3.ff_guten_block.ff_guten_block-3 .asterisk-right label:after, .fluentform.fluentform_wrapper_3.ff_guten_block.ff_guten_block-3 .asterisk-left label:before { color: #e65054; }\n<\/style><div class='fluentform ff-default fluentform_wrapper_3 ticss-efd5c594 ff_guten_block ff_guten_block-3 ffs_default_wrap'><form data-form_id=\"3\" id=\"fluentform_3\" class=\"frm-fluent-form fluent_form_3 ff-el-form-top ff_form_instance_3_1 ff-form-loading ffs_default\" data-form_instance=\"ff_form_instance_3_1\" method=\"POST\" ><fieldset  style=\"border: none!important;margin: 0!important;padding: 0!important;background-color: transparent!important;box-shadow: none!important;outline: none!important; min-inline-size: 100%;\">\n                    <legend class=\"ff_screen_reader_title\" style=\"display: block; margin: 0!important;padding: 0!important;height: 0!important;text-indent: -999999px;width: 0!important;overflow:hidden;\">Quero ser mission\u00e1rio da MEVIC<\/legend>        <div\n                style=\"display: none!important; position: absolute!important; transform: translateX(1000%)!important;\"\n                class=\"ff-el-group ff-hpsf-container\"\n        >\n            <div class=\"ff-el-input--label asterisk-right\">\n                <label for=\"ff_3_item_sf\" aria-label=\"Notify\">\n                    Notify                <\/label>\n            <\/div>\n            <div class=\"ff-el-input--content\">\n                <input type=\"text\"\n                       name=\"item_3__fluent_sf\"\n                       class=\"ff-el-form-control\"\n                       id=\"ff_3_item_sf\"\n                \/>\n            <\/div>\n        <\/div>\n                <input type=\"hidden\" id=\"__fluent_protection_token_3\" class=\"fluent-form-token-field\" name=\"__fluent_protection_token_3\">\n        <input type='hidden' name='__fluent_form_embded_post_id' value='1239' \/><input type=\"hidden\" id=\"_fluentform_3_fluentformnonce\" name=\"_fluentform_3_fluentformnonce\" value=\"629f2314ed\" \/><input type=\"hidden\" name=\"_wp_http_referer\" value=\"\/ir\/wp-json\/wp\/v2\/pages\/1239\" \/><div data-name=\"ff_cn_id_1\"  class='ff-t-container ff-column-container ff_columns_total_2 '><div class='ff-t-cell ff-t-column-1' style='flex-basis: 50%;'><div class='ff-el-group ff-el-form-top'><div class=\"ff-el-input--label ff-el-is-required asterisk-right\"><label for='ff_3_first_name' id='label_ff_3_first_name' >Primeiro Nome<\/label><\/div><div class='ff-el-input--content'><input type=\"text\" name=\"first_name\" class=\"ff-el-form-control\" data-name=\"first_name\" id=\"ff_3_first_name\"  aria-invalid=\"false\" aria-required=true><\/div><\/div><\/div><div class='ff-t-cell ff-t-column-2' style='flex-basis: 50%;'><div class='ff-el-group ff-el-form-top'><div class=\"ff-el-input--label ff-el-is-required asterisk-right\"><label for='ff_3_last_name' id='label_ff_3_last_name' >\u00daltimo Nome<\/label><\/div><div class='ff-el-input--content'><input type=\"text\" name=\"last_name\" class=\"ff-el-form-control\" data-name=\"last_name\" id=\"ff_3_last_name\"  aria-invalid=\"false\" aria-required=true><\/div><\/div><\/div><\/div><div class='ff-el-group ff-el-form-top'><div class=\"ff-el-input--label ff-el-is-required asterisk-right\"><label for='ff_3_email' id='label_ff_3_email' aria-label=\"Email\">Email<\/label><\/div><div class='ff-el-input--content'><input type=\"email\" name=\"email\" id=\"ff_3_email\" class=\"ff-el-form-control\" data-name=\"email\"  aria-invalid=\"false\" aria-required=true><\/div><\/div><div class='ff-el-group ff-el-form-top'><div class=\"ff-el-input--label ff-el-is-required asterisk-right\"><label for='ff_3_assunto' id='label_ff_3_assunto' aria-label=\"Assunto\">Assunto<\/label><\/div><div class='ff-el-input--content'><input type=\"text\" name=\"assunto\" value=\"Como posso tornar-me mission\u00e1rio da MEVIC?\" class=\"ff-el-form-control\" data-name=\"assunto\" id=\"ff_3_assunto\"  aria-invalid=\"false\" aria-required=true><\/div><\/div><div class='ff-el-group ff-el-form-top'><div class=\"ff-el-input--label ff-el-is-required asterisk-right\"><label for='ff_3_message' id='label_ff_3_message' aria-label=\"A sua mensagem\">A sua mensagem<\/label><\/div><div class='ff-el-input--content'><textarea aria-required=\"true\" aria-labelledby=\"label_ff_3_message\" name=\"message\" id=\"ff_3_message\" class=\"ff-el-form-control\" rows=\"4\" cols=\"2\" data-name=\"message\" ><\/textarea><\/div><\/div><div class='ff-el-group    ff-el-input--content'><div class='ff-el-form-check ff-el-tc'><label aria-label='Termos e Condi\u00e7\u00f5es: Li e concordo com a Declara\u00e7\u00e3o de F\u00e9 e a Pol\u00edtica de Privacidade da MEVIC. Cont\u00e9m 2 link(s). Use a navega\u00e7\u00e3o por abas para consultar.' class='ff-el-form-check-label ff_tc_label' for=terms-n-condition_3b4eb3f5def58a87957c1971f3ecd6b0><span class='ff_tc_checkbox'><input type=\"checkbox\" name=\"terms-n-condition\" class=\"ff-el-form-check-input\" data-name=\"terms-n-condition\" id=\"terms-n-condition_3b4eb3f5def58a87957c1971f3ecd6b0\"  value='on' aria-invalid='false' aria-required=false><\/span> <div class='ff_t_c'><p>Li e concordo com a <a href=\"https:\/\/mevic.pt\/ir\/declaracao-de-fe\/\" target=\"_self\" rel=\"noopener\">Declara\u00e7\u00e3o de F\u00e9<\/a> e a <a href=\"https:\/\/mevic.pt\/ir\/privacidade\/\" target=\"_self\" rel=\"noopener\">Pol\u00edtica de Privacidade<\/a> da MEVIC.<\/p><\/div><\/label><\/div><\/div><div class='ff-el-group ff-text-center ff_submit_btn_wrapper'><button type=\"submit\" class=\"ff-btn ff-btn-submit ff-btn-md ff_btn_style wpf_has_custom_css\"  aria-label=\"Enviar\">Enviar<\/button><\/div><\/fieldset><\/form><div id='fluentform_3_errors' class='ff-errors-in-stack ff_form_instance_3_1 ff-form-loading_errors ff_form_instance_3_1_errors'><\/div><\/div>            <script type=\"text\/javascript\">\n                window.fluent_form_ff_form_instance_3_1 = {\"id\":\"3\",\"ajaxUrl\":\"https:\\\/\\\/mevic.pt\\\/ir\\\/wp-admin\\\/admin-ajax.php\",\"settings\":{\"layout\":{\"labelPlacement\":\"top\",\"helpMessagePlacement\":\"with_label\",\"errorMessagePlacement\":\"inline\"},\"restrictions\":{\"denyEmptySubmission\":{\"enabled\":false}}},\"form_instance\":\"ff_form_instance_3_1\",\"form_id_selector\":\"fluentform_3\",\"rules\":{\"first_name\":{\"required\":{\"value\":true,\"message\":\"Campo obrigat\\u00f3rio\",\"global_message\":\"Campo obrigat\\u00f3rio\",\"global\":true}},\"last_name\":{\"required\":{\"value\":true,\"message\":\"Campo obrigat\\u00f3rio\",\"global_message\":\"Campo obrigat\\u00f3rio\",\"global\":true}},\"email\":{\"required\":{\"value\":true,\"message\":\"Campo obrigat\\u00f3rio\",\"global\":true,\"global_message\":\"Campo obrigat\\u00f3rio\"},\"email\":{\"value\":true,\"message\":\"Indique um email v\\u00e1lido\",\"global\":true,\"global_message\":\"Indique um email v\\u00e1lido\"}},\"assunto\":{\"required\":{\"value\":true,\"message\":\"Campo obrigat\\u00f3rio\",\"global_message\":\"Campo obrigat\\u00f3rio\",\"global\":true}},\"message\":{\"required\":{\"value\":true,\"message\":\"Campo obrigat\\u00f3rio\",\"global\":true,\"global_message\":\"Campo obrigat\\u00f3rio\"}},\"terms-n-condition\":{\"required\":{\"value\":false,\"message\":\"Campo obrigat\\u00f3rio\",\"global_message\":\"Campo obrigat\\u00f3rio\",\"global\":true}}},\"debounce_time\":300};\n                            <\/script>\n            \n\n<input type=\"button\" value=\"Voltar\" class=\"alg_back_button_input \" style=\"color:#ffffff; border-radius:8px;\" onclick=\"window.history.back()\" \/>\n<\/div>\n\n\n\n<div class=\"wp-block-column is-vertically-aligned-top is-layout-flow wp-block-column-is-layout-flow\" style=\"flex-basis:40%\">\n<p class=\"has-nv-dark-bg-color has-text-color has-link-color wp-elements-629da6f8b2da16422a42d7b9c8e4076d\">\u00ab A seara \u00e9 realmente grande, mas poucos os ceifeiros. Rogai, pois, ao Senhor da seara, que mande ceifeiros para a sua seara. \u00bb <em>(Jesus, Ev. Mateus 9:37-38)<\/em><\/p>\n\n\n<div class=\"wp-block-image\">\n<figure class=\"aligncenter size-full is-resized\"><img loading=\"lazy\" decoding=\"async\" width=\"1669\" height=\"835\" src=\"https:\/\/mevic.pt\/ir\/wp-content\/uploads\/2025\/08\/mev_mapamundi.png\" alt=\"\" class=\"wp-image-1213\" style=\"width:336px;height:auto\" srcset=\"https:\/\/mevic.pt\/ir\/wp-content\/uploads\/2025\/08\/mev_mapamundi.png 1669w, https:\/\/mevic.pt\/ir\/wp-content\/uploads\/2025\/08\/mev_mapamundi-300x150.png 300w, https:\/\/mevic.pt\/ir\/wp-content\/uploads\/2025\/08\/mev_mapamundi-1024x512.png 1024w, https:\/\/mevic.pt\/ir\/wp-content\/uploads\/2025\/08\/mev_mapamundi-150x75.png 150w, https:\/\/mevic.pt\/ir\/wp-content\/uploads\/2025\/08\/mev_mapamundi-768x384.png 768w, https:\/\/mevic.pt\/ir\/wp-content\/uploads\/2025\/08\/mev_mapamundi-1536x768.png 1536w\" sizes=\"auto, (max-width: 1669px) 100vw, 1669px\" \/><\/figure>\n<\/div><\/div>\n<\/div>\n\n\n\n<div style=\"height:50px\" aria-hidden=\"true\" class=\"wp-block-spacer\"><\/div>\n<\/div><\/div>\n<\/div><\/div>\n","protected":false},"excerpt":{"rendered":"","protected":false},"author":1,"featured_media":0,"parent":0,"menu_order":0,"comment_status":"closed","ping_status":"closed","template":"","meta":{"_uag_custom_page_level_css":"","neve_meta_sidebar":"full-width","neve_meta_container":"","neve_meta_enable_content_width":"on","neve_meta_content_width":100,"neve_meta_title_alignment":"left","neve_meta_author_avatar":"","neve_post_elements_order":"","neve_meta_disable_header":"","neve_meta_disable_footer":"","neve_meta_disable_title":"off","_themeisle_gutenberg_block_has_review":false,"_vp_format_video_url":"","_vp_image_focal_point":[],"footnotes":""},"class_list":["post-1239","page","type-page","status-publish","hentry"],"uagb_featured_image_src":{"full":false,"thumbnail":false,"medium":false,"medium_large":false,"large":false,"1536x1536":false,"2048x2048":false,"vp_sm":false,"vp_md":false,"vp_lg":false,"vp_xl":false,"vp_sm_popup":false,"vp_md_popup":false,"vp_xl_popup":false,"neve-blog":false},"uagb_author_info":{"display_name":"wpadminmev","author_link":"https:\/\/mevic.pt\/ir\/blog\/author\/wpadminmev\/"},"uagb_comment_info":0,"uagb_excerpt":null,"_links":{"self":[{"href":"https:\/\/mevic.pt\/ir\/wp-json\/wp\/v2\/pages\/1239","targetHints":{"allow":["GET"]}}],"collection":[{"href":"https:\/\/mevic.pt\/ir\/wp-json\/wp\/v2\/pages"}],"about":[{"href":"https:\/\/mevic.pt\/ir\/wp-json\/wp\/v2\/types\/page"}],"author":[{"embeddable":true,"href":"https:\/\/mevic.pt\/ir\/wp-json\/wp\/v2\/users\/1"}],"replies":[{"embeddable":true,"href":"https:\/\/mevic.pt\/ir\/wp-json\/wp\/v2\/comments?post=1239"}],"version-history":[{"count":67,"href":"https:\/\/mevic.pt\/ir\/wp-json\/wp\/v2\/pages\/1239\/revisions"}],"predecessor-version":[{"id":3690,"href":"https:\/\/mevic.pt\/ir\/wp-json\/wp\/v2\/pages\/1239\/revisions\/3690"}],"wp:attachment":[{"href":"https:\/\/mevic.pt\/ir\/wp-json\/wp\/v2\/media?parent=1239"}],"curies":[{"name":"wp","href":"https:\/\/api.w.org\/{rel}","templated":true}]}}