{"id":2423,"date":"2026-01-05T23:01:41","date_gmt":"2026-01-05T23:01:41","guid":{"rendered":"https:\/\/mevic.pt\/ir\/?page_id=2423"},"modified":"2026-01-06T05:39:27","modified_gmt":"2026-01-06T05:39:27","slug":"rita-pimentel","status":"publish","type":"page","link":"https:\/\/mevic.pt\/ir\/quem-somos\/rita-pimentel\/","title":{"rendered":"Rita Pimentel"},"content":{"rendered":"\n<div style=\"height:30px\" aria-hidden=\"true\" class=\"wp-block-spacer\"><\/div>\n\n\n\n<div class=\"wp-block-cover alignfull is-light\"><span aria-hidden=\"true\" class=\"wp-block-cover__background has-neve-link-hover-color-background-color has-background-dim\"><\/span><div class=\"wp-block-cover__inner-container is-layout-flow wp-block-cover-is-layout-flow\">\n<div class=\"wp-block-group\"><div class=\"wp-block-group__inner-container is-layout-flow wp-block-group-is-layout-flow\">\n<div style=\"height:80px\" aria-hidden=\"true\" class=\"wp-block-spacer\"><\/div>\n\n\n\n<div class=\"wp-block-columns is-layout-flex wp-container-core-columns-is-layout-9d6595d7 wp-block-columns-is-layout-flex\">\n<div class=\"wp-block-column is-vertically-aligned-top is-layout-flow wp-block-column-is-layout-flow\" style=\"flex-basis:30%\"><div class=\"wp-block-image\">\n<figure class=\"aligncenter size-full is-resized has-custom-border\"><img loading=\"lazy\" decoding=\"async\" width=\"225\" height=\"225\" src=\"https:\/\/mevic.pt\/ir\/wp-content\/uploads\/2026\/01\/06-225x225-1.jpg\" alt=\"\" class=\"wp-image-3895\" style=\"border-radius:100%;object-fit:cover;width:178px;height:auto\" srcset=\"https:\/\/mevic.pt\/ir\/wp-content\/uploads\/2026\/01\/06-225x225-1.jpg 225w, https:\/\/mevic.pt\/ir\/wp-content\/uploads\/2026\/01\/06-225x225-1-150x150.jpg 150w\" sizes=\"auto, (max-width: 225px) 100vw, 225px\" \/><\/figure>\n<\/div><\/div>\n\n\n\n<div class=\"wp-block-column is-vertically-aligned-top is-layout-flow wp-block-column-is-layout-flow\" style=\"flex-basis:70%\">\n<p class=\"has-neve-text-color-color has-text-color\">Rita Messias Pimentel \u00e9 mission\u00e1ria com foco em mobiliza\u00e7\u00e3o e fortalecimento da miss\u00e3o. \u00c9 Coordenadora de Projetos da MEVIC. Tem forma\u00e7\u00e3o em Gest\u00e3o e Marketing Estrat\u00e9gico e mais de 15 anos de experi\u00eancia profissional em planeamento, comunica\u00e7\u00e3o, gest\u00e3o de projetos e desenvolvimento organizacional. \u00c9 co-coordenadora do Movimento Lausanne Portugal e integra a equipa de coordena\u00e7\u00e3o do F\u00f3rum Evang\u00e9lico, colaborando na mobiliza\u00e7\u00e3o, articula\u00e7\u00e3o estrat\u00e9gica e comunica\u00e7\u00e3o da miss\u00e3o em Portugal.<\/p>\n\n\n\n<h3 class=\"wp-block-heading has-text-align-center has-neve-text-color-color has-text-color\"><small><small>Coordena\u00e7\u00e3o de Projetos<\/small><\/small><\/h3>\n\n\n\n<div style=\"height:20px\" aria-hidden=\"true\" class=\"wp-block-spacer\"><\/div>\n\n\n\n<div class=\"wp-block-uagb-buttons uagb-buttons__outer-wrap uagb-btn__default-btn uagb-btn-tablet__default-btn uagb-btn-mobile__default-btn uagb-block-247410f8\"><div class=\"uagb-buttons__wrap uagb-buttons-layout-wrap \">\n<div class=\"wp-block-uagb-buttons-child uagb-buttons__outer-wrap uagb-block-353f3dd9 wp-block-button\"><div class=\"uagb-button__wrapper\"><a class=\"uagb-buttons-repeater wp-block-button__link\" aria-label=\"\" href=\"https:\/\/mevic.pt\/ir\/quem-somos\/#a-equipa\" rel=\"follow noopener\" target=\"_self\" role=\"button\"><div class=\"uagb-button__link\">Voltar<\/div><\/a><\/div><\/div>\n<\/div><\/div>\n<\/div>\n<\/div>\n\n\n\n<div style=\"height:100px\" aria-hidden=\"true\" class=\"wp-block-spacer\"><\/div>\n<\/div><\/div>\n<\/div><\/div>\n","protected":false},"excerpt":{"rendered":"","protected":false},"author":1,"featured_media":0,"parent":61,"menu_order":0,"comment_status":"closed","ping_status":"closed","template":"","meta":{"_uag_custom_page_level_css":"","neve_meta_sidebar":"default","neve_meta_container":"","neve_meta_enable_content_width":"on","neve_meta_content_width":100,"neve_meta_title_alignment":"","neve_meta_author_avatar":"","neve_post_elements_order":"","neve_meta_disable_header":"","neve_meta_disable_footer":"","neve_meta_disable_title":"off","_themeisle_gutenberg_block_has_review":false,"_vp_format_video_url":"","_vp_image_focal_point":[],"footnotes":""},"class_list":["post-2423","page","type-page","status-publish","hentry"],"uagb_featured_image_src":{"full":false,"thumbnail":false,"medium":false,"medium_large":false,"large":false,"1536x1536":false,"2048x2048":false,"vp_sm":false,"vp_md":false,"vp_lg":false,"vp_xl":false,"vp_sm_popup":false,"vp_md_popup":false,"vp_xl_popup":false,"neve-blog":false},"uagb_author_info":{"display_name":"wpadminmev","author_link":"https:\/\/mevic.pt\/ir\/blog\/author\/wpadminmev\/"},"uagb_comment_info":0,"uagb_excerpt":null,"_links":{"self":[{"href":"https:\/\/mevic.pt\/ir\/wp-json\/wp\/v2\/pages\/2423","targetHints":{"allow":["GET"]}}],"collection":[{"href":"https:\/\/mevic.pt\/ir\/wp-json\/wp\/v2\/pages"}],"about":[{"href":"https:\/\/mevic.pt\/ir\/wp-json\/wp\/v2\/types\/page"}],"author":[{"embeddable":true,"href":"https:\/\/mevic.pt\/ir\/wp-json\/wp\/v2\/users\/1"}],"replies":[{"embeddable":true,"href":"https:\/\/mevic.pt\/ir\/wp-json\/wp\/v2\/comments?post=2423"}],"version-history":[{"count":17,"href":"https:\/\/mevic.pt\/ir\/wp-json\/wp\/v2\/pages\/2423\/revisions"}],"predecessor-version":[{"id":3898,"href":"https:\/\/mevic.pt\/ir\/wp-json\/wp\/v2\/pages\/2423\/revisions\/3898"}],"up":[{"embeddable":true,"href":"https:\/\/mevic.pt\/ir\/wp-json\/wp\/v2\/pages\/61"}],"wp:attachment":[{"href":"https:\/\/mevic.pt\/ir\/wp-json\/wp\/v2\/media?parent=2423"}],"curies":[{"name":"wp","href":"https:\/\/api.w.org\/{rel}","templated":true}]}}