{"id":926,"date":"2025-08-07T10:44:15","date_gmt":"2025-08-07T10:44:15","guid":{"rendered":"https:\/\/mevic.pt\/ir\/?page_id=926"},"modified":"2026-04-01T23:29:50","modified_gmt":"2026-04-01T23:29:50","slug":"parceiros","status":"publish","type":"page","link":"https:\/\/mevic.pt\/ir\/parceiros\/","title":{"rendered":"Parceiros"},"content":{"rendered":"\n<div style=\"height:30px\" aria-hidden=\"true\" class=\"wp-block-spacer\"><\/div>\n\n\n\n<div class=\"wp-block-cover alignfull has-nv-dark-bg-color has-text-color has-link-color wp-elements-fa1e4210eb70050ccbc6ca3435772a74\" style=\"min-height:600px;aspect-ratio:unset;\"><span aria-hidden=\"true\" class=\"wp-block-cover__background has-neve-link-hover-color-background-color has-background-dim-70 has-background-dim\"><\/span><div class=\"wp-block-cover__inner-container is-layout-flow wp-block-cover-is-layout-flow\">\n<div class=\"wp-block-group\"><div class=\"wp-block-group__inner-container is-layout-flow wp-block-group-is-layout-flow\">\n<div style=\"height:80px\" aria-hidden=\"true\" class=\"wp-block-spacer\"><\/div>\n\n\n\n<div class=\"wp-block-columns are-vertically-aligned-center is-layout-flex wp-container-core-columns-is-layout-9d6595d7 wp-block-columns-is-layout-flex\">\n<div class=\"wp-block-column is-layout-flow wp-block-column-is-layout-flow\">\n<div class=\"wp-block-columns is-layout-flex wp-container-core-columns-is-layout-9d6595d7 wp-block-columns-is-layout-flex\">\n<div class=\"wp-block-column is-vertically-aligned-center is-layout-flow wp-block-column-is-layout-flow\"><div class=\"wp-block-image\">\n<figure class=\"aligncenter size-full is-resized\"><a href=\"https:\/\/sepal.org.br\/\" target=\"_blank\" rel=\" noreferrer noopener\"><img loading=\"lazy\" decoding=\"async\" width=\"214\" height=\"159\" src=\"https:\/\/mevic.pt\/ir\/wp-content\/uploads\/2025\/08\/logo-sepal-214x159-1.png\" alt=\"\" class=\"wp-image-580\" style=\"width:174px;height:auto\"\/><\/a><\/figure>\n<\/div><\/div>\n\n\n\n<div class=\"wp-block-column is-vertically-aligned-center is-layout-flow wp-block-column-is-layout-flow\"><div class=\"wp-block-image\">\n<figure class=\"aligncenter size-full\"><a href=\"https:\/\/procurarjesus.net\/\" target=\"_blank\" rel=\" noreferrer noopener\"><img loading=\"lazy\" decoding=\"async\" width=\"214\" height=\"114\" src=\"https:\/\/mevic.pt\/ir\/wp-content\/uploads\/2025\/08\/partner_bgea-214.png\" alt=\"\" class=\"wp-image-2096\" srcset=\"https:\/\/mevic.pt\/ir\/wp-content\/uploads\/2025\/08\/partner_bgea-214.png 214w, https:\/\/mevic.pt\/ir\/wp-content\/uploads\/2025\/08\/partner_bgea-214-150x80.png 150w\" sizes=\"auto, (max-width: 214px) 100vw, 214px\" \/><\/a><\/figure>\n<\/div><\/div>\n<\/div>\n\n\n\n<div class=\"wp-block-columns is-layout-flex wp-container-core-columns-is-layout-9d6595d7 wp-block-columns-is-layout-flex\">\n<div class=\"wp-block-column is-vertically-aligned-center is-layout-flow wp-block-column-is-layout-flow\"><div class=\"wp-block-image\">\n<figure class=\"aligncenter size-full\"><a href=\"https:\/\/aliancaevangelica.pt\/\" target=\"_blank\" rel=\" noreferrer noopener\"><img loading=\"lazy\" decoding=\"async\" width=\"214\" height=\"124\" src=\"https:\/\/mevic.pt\/ir\/wp-content\/uploads\/2025\/08\/partner_aep.png\" alt=\"\" class=\"wp-image-2056\" srcset=\"https:\/\/mevic.pt\/ir\/wp-content\/uploads\/2025\/08\/partner_aep.png 214w, https:\/\/mevic.pt\/ir\/wp-content\/uploads\/2025\/08\/partner_aep-150x87.png 150w\" sizes=\"auto, (max-width: 214px) 100vw, 214px\" \/><\/a><\/figure>\n<\/div><\/div>\n\n\n\n<div class=\"wp-block-column is-vertically-aligned-center is-layout-flow wp-block-column-is-layout-flow\"><div class=\"wp-block-image\">\n<figure class=\"aligncenter size-full is-resized\"><a href=\"https:\/\/www.abla.org\/\" target=\"_blank\" rel=\" noreferrer noopener\"><img loading=\"lazy\" decoding=\"async\" width=\"514\" height=\"254\" src=\"https:\/\/mevic.pt\/ir\/wp-content\/uploads\/2025\/12\/abla-logo-1.png\" alt=\"\" class=\"wp-image-3741\" style=\"aspect-ratio:2.0236280958507837;width:237px;height:auto\" srcset=\"https:\/\/mevic.pt\/ir\/wp-content\/uploads\/2025\/12\/abla-logo-1.png 514w, https:\/\/mevic.pt\/ir\/wp-content\/uploads\/2025\/12\/abla-logo-1-300x148.png 300w, https:\/\/mevic.pt\/ir\/wp-content\/uploads\/2025\/12\/abla-logo-1-150x74.png 150w, https:\/\/mevic.pt\/ir\/wp-content\/uploads\/2025\/12\/abla-logo-1-500x247.png 500w\" sizes=\"auto, (max-width: 514px) 100vw, 514px\" \/><\/a><\/figure>\n<\/div><\/div>\n<\/div>\n\n\n\n<div class=\"wp-block-columns is-layout-flex wp-container-core-columns-is-layout-9d6595d7 wp-block-columns-is-layout-flex\">\n<div class=\"wp-block-column is-vertically-aligned-center is-layout-flow wp-block-column-is-layout-flow\"><div class=\"wp-block-image\">\n<figure class=\"aligncenter size-full\"><a href=\"https:\/\/summitportugal.pt\/\" target=\"_blank\" rel=\" noreferrer noopener\"><img loading=\"lazy\" decoding=\"async\" width=\"214\" height=\"71\" src=\"https:\/\/mevic.pt\/ir\/wp-content\/uploads\/2025\/08\/partner_gln_214.png\" alt=\"\" class=\"wp-image-2111\" srcset=\"https:\/\/mevic.pt\/ir\/wp-content\/uploads\/2025\/08\/partner_gln_214.png 214w, https:\/\/mevic.pt\/ir\/wp-content\/uploads\/2025\/08\/partner_gln_214-150x50.png 150w\" sizes=\"auto, (max-width: 214px) 100vw, 214px\" \/><\/a><\/figure>\n<\/div><\/div>\n\n\n\n<div class=\"wp-block-column is-vertically-aligned-center is-layout-flow wp-block-column-is-layout-flow\"><div class=\"wp-block-image\">\n<figure class=\"aligncenter size-full\"><a href=\"https:\/\/membercareportugal.pt\/\" target=\"_blank\" rel=\" noreferrer noopener\"><img loading=\"lazy\" decoding=\"async\" width=\"214\" height=\"159\" src=\"https:\/\/mevic.pt\/ir\/wp-content\/uploads\/2025\/08\/partner_mcp-214.png\" alt=\"\" class=\"wp-image-2101\" srcset=\"https:\/\/mevic.pt\/ir\/wp-content\/uploads\/2025\/08\/partner_mcp-214.png 214w, https:\/\/mevic.pt\/ir\/wp-content\/uploads\/2025\/08\/partner_mcp-214-150x111.png 150w\" sizes=\"auto, (max-width: 214px) 100vw, 214px\" \/><\/a><\/figure>\n<\/div><\/div>\n<\/div>\n\n\n\n<div class=\"wp-block-columns is-layout-flex wp-container-core-columns-is-layout-9d6595d7 wp-block-columns-is-layout-flex\">\n<div class=\"wp-block-column is-vertically-aligned-center is-layout-flow wp-block-column-is-layout-flow\"><div class=\"wp-block-image\">\n<figure class=\"aligncenter size-full\"><a href=\"https:\/\/perspectivasbrasil.com\/\" target=\"_blank\" rel=\" noreferrer noopener\"><img loading=\"lazy\" decoding=\"async\" width=\"214\" height=\"85\" src=\"https:\/\/mevic.pt\/ir\/wp-content\/uploads\/2025\/08\/partner_pp2-214.png\" alt=\"\" class=\"wp-image-2084\" srcset=\"https:\/\/mevic.pt\/ir\/wp-content\/uploads\/2025\/08\/partner_pp2-214.png 214w, https:\/\/mevic.pt\/ir\/wp-content\/uploads\/2025\/08\/partner_pp2-214-150x60.png 150w\" sizes=\"auto, (max-width: 214px) 100vw, 214px\" \/><\/a><\/figure>\n<\/div><\/div>\n\n\n\n<div class=\"wp-block-column is-vertically-aligned-center is-layout-flow wp-block-column-is-layout-flow\"><div class=\"wp-block-image\">\n<figure class=\"aligncenter size-full is-resized\"><a href=\"https:\/\/www.instagram.com\/masterscommissionpt\/\" target=\"_blank\" rel=\" noreferrer noopener\"><img loading=\"lazy\" decoding=\"async\" width=\"431\" height=\"190\" src=\"https:\/\/mevic.pt\/ir\/wp-content\/uploads\/2025\/12\/masters-comission.png\" alt=\"\" class=\"wp-image-3742\" style=\"aspect-ratio:2.268261367602013;width:210px;height:auto\" srcset=\"https:\/\/mevic.pt\/ir\/wp-content\/uploads\/2025\/12\/masters-comission.png 431w, https:\/\/mevic.pt\/ir\/wp-content\/uploads\/2025\/12\/masters-comission-300x132.png 300w, https:\/\/mevic.pt\/ir\/wp-content\/uploads\/2025\/12\/masters-comission-150x66.png 150w\" sizes=\"auto, (max-width: 431px) 100vw, 431px\" \/><\/a><\/figure>\n<\/div><\/div>\n<\/div>\n\n\n\n<div class=\"wp-block-columns is-layout-flex wp-container-core-columns-is-layout-9d6595d7 wp-block-columns-is-layout-flex\">\n<div class=\"wp-block-column is-vertically-aligned-center is-layout-flow wp-block-column-is-layout-flow\"><div class=\"wp-block-image\">\n<figure class=\"aligncenter size-full is-resized\"><a href=\"https:\/\/omf.org\/\" target=\"_blank\" rel=\" noreferrer noopener\"><img loading=\"lazy\" decoding=\"async\" width=\"800\" height=\"763\" src=\"https:\/\/mevic.pt\/ir\/wp-content\/uploads\/2025\/11\/omg-logo-grey.png\" alt=\"\" class=\"wp-image-2487\" style=\"width:95px;height:auto\" srcset=\"https:\/\/mevic.pt\/ir\/wp-content\/uploads\/2025\/11\/omg-logo-grey.png 800w, https:\/\/mevic.pt\/ir\/wp-content\/uploads\/2025\/11\/omg-logo-grey-300x286.png 300w, https:\/\/mevic.pt\/ir\/wp-content\/uploads\/2025\/11\/omg-logo-grey-150x143.png 150w, https:\/\/mevic.pt\/ir\/wp-content\/uploads\/2025\/11\/omg-logo-grey-768x732.png 768w, https:\/\/mevic.pt\/ir\/wp-content\/uploads\/2025\/11\/omg-logo-grey-500x477.png 500w\" sizes=\"auto, (max-width: 800px) 100vw, 800px\" \/><\/a><\/figure>\n<\/div><\/div>\n\n\n\n<div class=\"wp-block-column is-vertically-aligned-center is-layout-flow wp-block-column-is-layout-flow\"><div class=\"wp-block-image\">\n<figure class=\"aligncenter size-full is-resized\"><img loading=\"lazy\" decoding=\"async\" width=\"1600\" height=\"215\" src=\"https:\/\/mevic.pt\/ir\/wp-content\/uploads\/2026\/01\/ajuda-barnabe.png\" alt=\"\" class=\"wp-image-3941\" style=\"width:280px\" srcset=\"https:\/\/mevic.pt\/ir\/wp-content\/uploads\/2026\/01\/ajuda-barnabe.png 1600w, https:\/\/mevic.pt\/ir\/wp-content\/uploads\/2026\/01\/ajuda-barnabe-300x40.png 300w, https:\/\/mevic.pt\/ir\/wp-content\/uploads\/2026\/01\/ajuda-barnabe-1024x138.png 1024w, https:\/\/mevic.pt\/ir\/wp-content\/uploads\/2026\/01\/ajuda-barnabe-150x20.png 150w, https:\/\/mevic.pt\/ir\/wp-content\/uploads\/2026\/01\/ajuda-barnabe-768x103.png 768w, https:\/\/mevic.pt\/ir\/wp-content\/uploads\/2026\/01\/ajuda-barnabe-1536x206.png 1536w, https:\/\/mevic.pt\/ir\/wp-content\/uploads\/2026\/01\/ajuda-barnabe-500x67.png 500w, https:\/\/mevic.pt\/ir\/wp-content\/uploads\/2026\/01\/ajuda-barnabe-800x108.png 800w, https:\/\/mevic.pt\/ir\/wp-content\/uploads\/2026\/01\/ajuda-barnabe-1280x172.png 1280w\" sizes=\"auto, (max-width: 1600px) 100vw, 1600px\" \/><\/figure>\n<\/div><\/div>\n<\/div>\n\n\n\n<div class=\"wp-block-columns is-layout-flex wp-container-core-columns-is-layout-9d6595d7 wp-block-columns-is-layout-flex\">\n<div class=\"wp-block-column is-vertically-aligned-center is-layout-flow wp-block-column-is-layout-flow\"><div class=\"wp-block-image\">\n<figure class=\"aligncenter size-full\"><a href=\"https:\/\/touchpeace.pt\" target=\"_blank\" rel=\" noreferrer noopener\"><img loading=\"lazy\" decoding=\"async\" width=\"214\" height=\"72\" src=\"https:\/\/mevic.pt\/ir\/wp-content\/uploads\/2025\/08\/partner_tpeace-214.png\" alt=\"\" class=\"wp-image-2083\" srcset=\"https:\/\/mevic.pt\/ir\/wp-content\/uploads\/2025\/08\/partner_tpeace-214.png 214w, https:\/\/mevic.pt\/ir\/wp-content\/uploads\/2025\/08\/partner_tpeace-214-150x50.png 150w\" sizes=\"auto, (max-width: 214px) 100vw, 214px\" \/><\/a><\/figure>\n<\/div><\/div>\n\n\n\n<div class=\"wp-block-column is-vertically-aligned-center is-layout-flow wp-block-column-is-layout-flow\"><div class=\"wp-block-image\">\n<figure class=\"aligncenter size-full is-resized\"><a href=\"https:\/\/simplymobilizing.com\/\" target=\"_blank\" rel=\" noreferrer noopener\"><img loading=\"lazy\" decoding=\"async\" width=\"494\" height=\"306\" src=\"https:\/\/mevic.pt\/ir\/wp-content\/uploads\/2025\/12\/simply-mobilizing.png\" alt=\"\" class=\"wp-image-3766\" style=\"aspect-ratio:1.6143089470720704;width:174px;height:auto\" srcset=\"https:\/\/mevic.pt\/ir\/wp-content\/uploads\/2025\/12\/simply-mobilizing.png 494w, https:\/\/mevic.pt\/ir\/wp-content\/uploads\/2025\/12\/simply-mobilizing-300x186.png 300w, https:\/\/mevic.pt\/ir\/wp-content\/uploads\/2025\/12\/simply-mobilizing-150x93.png 150w\" sizes=\"auto, (max-width: 494px) 100vw, 494px\" \/><\/a><\/figure>\n<\/div><\/div>\n<\/div>\n\n\n\n<div class=\"wp-block-columns is-layout-flex wp-container-core-columns-is-layout-9d6595d7 wp-block-columns-is-layout-flex\">\n<div class=\"wp-block-column is-vertically-aligned-center is-layout-flow wp-block-column-is-layout-flow\"><div class=\"wp-block-image\">\n<figure class=\"aligncenter size-full\"><a href=\"https:\/\/msd-online.pt\/\" target=\"_blank\" rel=\" noreferrer noopener\"><img loading=\"lazy\" decoding=\"async\" width=\"214\" height=\"87\" src=\"https:\/\/mevic.pt\/ir\/wp-content\/uploads\/2025\/08\/partner_msd-214.png\" alt=\"\" class=\"wp-image-2106\" srcset=\"https:\/\/mevic.pt\/ir\/wp-content\/uploads\/2025\/08\/partner_msd-214.png 214w, https:\/\/mevic.pt\/ir\/wp-content\/uploads\/2025\/08\/partner_msd-214-150x61.png 150w\" sizes=\"auto, (max-width: 214px) 100vw, 214px\" \/><\/a><\/figure>\n<\/div><\/div>\n\n\n\n<div class=\"wp-block-column is-vertically-aligned-center is-layout-flow wp-block-column-is-layout-flow\"><div class=\"wp-block-image\">\n<figure class=\"aligncenter size-full\"><a href=\"https:\/\/teofilos.org\/\" target=\"_blank\" rel=\" noreferrer noopener\"><img loading=\"lazy\" decoding=\"async\" width=\"214\" height=\"54\" src=\"https:\/\/mevic.pt\/ir\/wp-content\/uploads\/2025\/08\/partner_teo-214-1.png\" alt=\"\" class=\"wp-image-2113\" srcset=\"https:\/\/mevic.pt\/ir\/wp-content\/uploads\/2025\/08\/partner_teo-214-1.png 214w, https:\/\/mevic.pt\/ir\/wp-content\/uploads\/2025\/08\/partner_teo-214-1-150x38.png 150w\" sizes=\"auto, (max-width: 214px) 100vw, 214px\" \/><\/a><\/figure>\n<\/div><\/div>\n<\/div>\n\n\n\n<div class=\"wp-block-columns is-layout-flex wp-container-core-columns-is-layout-9d6595d7 wp-block-columns-is-layout-flex\">\n<div class=\"wp-block-column is-vertically-aligned-center is-layout-flow wp-block-column-is-layout-flow\"><div class=\"wp-block-image\">\n<figure class=\"aligncenter size-full is-resized\"><a href=\"https:\/\/fbb.br\/\" target=\"_blank\" rel=\" noreferrer noopener\"><img loading=\"lazy\" decoding=\"async\" width=\"349\" height=\"144\" src=\"https:\/\/mevic.pt\/ir\/wp-content\/uploads\/2025\/12\/fac_bapt_brasileira.png\" alt=\"\" class=\"wp-image-3740\" style=\"aspect-ratio:2.42355082249119;width:184px;height:auto\" srcset=\"https:\/\/mevic.pt\/ir\/wp-content\/uploads\/2025\/12\/fac_bapt_brasileira.png 349w, https:\/\/mevic.pt\/ir\/wp-content\/uploads\/2025\/12\/fac_bapt_brasileira-300x124.png 300w, https:\/\/mevic.pt\/ir\/wp-content\/uploads\/2025\/12\/fac_bapt_brasileira-150x62.png 150w\" sizes=\"auto, (max-width: 349px) 100vw, 349px\" \/><\/a><\/figure>\n<\/div><\/div>\n<\/div>\n<\/div>\n\n\n\n<div class=\"wp-block-column is-vertically-aligned-center has-nv-dark-bg-color has-text-color has-link-color wp-elements-ce0ed557f2d982742a6e799865e802d2 is-layout-flow wp-block-column-is-layout-flow\">\n<h2 class=\"wp-block-heading has-text-align-center has-nv-dark-bg-color has-text-color has-link-color wp-elements-0227a5ac07af63ecd2571c9c7dfe8317\" id=\"serparceiro\">Gostaria de ser um parceiro da MEVIC?<\/h2>\n\n\n\n<p class=\"has-text-align-center ticss-7eb06058 has-nv-dark-bg-color has-text-color has-link-color wp-elements-65c98827de1bcb811d26ad343e70c201\">Fale-nos resumidamente acerca do seu projeto \/ organiza\u00e7\u00e3o:<\/p>\n\n\n<style id=\"fluentform-block-custom-styles-4\">.fluentform.fluentform_wrapper_4.ff_guten_block.ff_guten_block-4 .ff-el-input--label label { color: #000000; }\n<\/style><div class='fluentform ff-default fluentform_wrapper_4 ticss-e8e752d2 ff_guten_block ff_guten_block-4 ffs_default_wrap'><form data-form_id=\"4\" id=\"fluentform_4\" class=\"frm-fluent-form fluent_form_4 ff-el-form-top ff_form_instance_4_1 ff-form-loading ffs_default\" data-form_instance=\"ff_form_instance_4_1\" method=\"POST\" ><fieldset  style=\"border: none!important;margin: 0!important;padding: 0!important;background-color: transparent!important;box-shadow: none!important;outline: none!important; min-inline-size: 100%;\">\n                    <legend class=\"ff_screen_reader_title\" style=\"display: block; margin: 0!important;padding: 0!important;height: 0!important;text-indent: -999999px;width: 0!important;overflow:hidden;\">Queremos ser parceiros da MEVIC<\/legend>        <div\n                style=\"display: none!important; position: absolute!important; transform: translateX(1000%)!important;\"\n                class=\"ff-el-group ff-hpsf-container\"\n        >\n            <div class=\"ff-el-input--label asterisk-right\">\n                <label for=\"ff_4_item_sf\" aria-label=\"Subscribe\">\n                    Subscribe                <\/label>\n            <\/div>\n            <div class=\"ff-el-input--content\">\n                <input type=\"text\"\n                       name=\"item_4__fluent_sf\"\n                       class=\"ff-el-form-control\"\n                       id=\"ff_4_item_sf\"\n                \/>\n            <\/div>\n        <\/div>\n                <input type=\"hidden\" id=\"__fluent_protection_token_4\" class=\"fluent-form-token-field\" name=\"__fluent_protection_token_4\">\n        <input type='hidden' name='__fluent_form_embded_post_id' value='926' \/><input type=\"hidden\" id=\"_fluentform_4_fluentformnonce\" name=\"_fluentform_4_fluentformnonce\" value=\"629f2314ed\" \/><input type=\"hidden\" name=\"_wp_http_referer\" value=\"\/ir\/wp-json\/wp\/v2\/pages\/926\" \/><div data-name=\"ff_cn_id_1\"  class='ff-t-container ff-column-container ff_columns_total_2 '><div class='ff-t-cell ff-t-column-1' style='flex-basis: 50%;'><div class='ff-el-group ff-el-form-top'><div class=\"ff-el-input--label ff-el-is-required asterisk-right\"><label for='ff_4_first_name' id='label_ff_4_first_name' >Primeiro Nome<\/label><\/div><div class='ff-el-input--content'><input type=\"text\" name=\"first_name\" class=\"ff-el-form-control\" data-name=\"first_name\" id=\"ff_4_first_name\"  aria-invalid=\"false\" aria-required=true><\/div><\/div><\/div><div class='ff-t-cell ff-t-column-2' style='flex-basis: 50%;'><div class='ff-el-group ff-el-form-top'><div class=\"ff-el-input--label ff-el-is-required asterisk-right\"><label for='ff_4_last_name' id='label_ff_4_last_name' >\u00daltimo Nome<\/label><\/div><div class='ff-el-input--content'><input type=\"text\" name=\"last_name\" class=\"ff-el-form-control\" data-name=\"last_name\" id=\"ff_4_last_name\"  aria-invalid=\"false\" aria-required=true><\/div><\/div><\/div><\/div><div class='ff-el-group ff-el-form-top'><div class=\"ff-el-input--label ff-el-is-required asterisk-right\"><label for='ff_4_entidade' id='label_ff_4_entidade' aria-label=\"Entidade \/ Organiza\u00e7\u00e3o\">Entidade \/ Organiza\u00e7\u00e3o<\/label><\/div><div class='ff-el-input--content'><input type=\"text\" name=\"entidade\" class=\"ff-el-form-control\" data-name=\"entidade\" id=\"ff_4_entidade\"  aria-invalid=\"false\" aria-required=true><\/div><\/div><div data-name=\"ff_cn_id_2\"  class='ff-t-container ff-column-container ff_columns_total_2 '><div class='ff-t-cell ff-t-column-1' style='flex-basis: 50%;'><div class='ff-el-group ff-el-form-top'><div class=\"ff-el-input--label ff-el-is-required asterisk-right\"><label for='ff_4_cargo' id='label_ff_4_cargo' aria-label=\"Cargo \/ Fun\u00e7\u00e3o\">Cargo \/ Fun\u00e7\u00e3o<\/label><\/div><div class='ff-el-input--content'><input type=\"text\" name=\"cargo\" class=\"ff-el-form-control\" data-name=\"cargo\" id=\"ff_4_cargo\"  aria-invalid=\"false\" aria-required=true><\/div><\/div><\/div><div class='ff-t-cell ff-t-column-2' style='flex-basis: 50%;'><div class='ff-el-group ff-el-form-top'><div class=\"ff-el-input--label ff-el-is-required asterisk-right\"><label for='ff_4_telefone' id='label_ff_4_telefone' aria-label=\"Telefone\">Telefone<\/label><\/div><div class='ff-el-input--content'><input type=\"text\" name=\"telefone\" class=\"ff-el-form-control\" data-name=\"telefone\" id=\"ff_4_telefone\"  aria-invalid=\"false\" aria-required=true><\/div><\/div><\/div><\/div><div class='ff-el-group ff-el-form-top'><div class=\"ff-el-input--label ff-el-is-required asterisk-right\"><label for='ff_4_email' id='label_ff_4_email' aria-label=\"Email\">Email<\/label><\/div><div class='ff-el-input--content'><input type=\"email\" name=\"email\" id=\"ff_4_email\" class=\"ff-el-form-control\" data-name=\"email\"  aria-invalid=\"false\" aria-required=true><\/div><\/div><div class='ff-el-group ff-el-form-top'><div class=\"ff-el-input--label ff-el-is-required asterisk-right\"><label for='ff_4_assunto' id='label_ff_4_assunto' aria-label=\"Assunto\">Assunto<\/label><\/div><div class='ff-el-input--content'><input type=\"text\" name=\"assunto\" value=\"Como podemos ser parceiros da MEVIC?\" class=\"ff-el-form-control\" data-name=\"assunto\" id=\"ff_4_assunto\"  aria-invalid=\"false\" aria-required=true><\/div><\/div><div class='ff-el-group ff-el-form-top'><div class=\"ff-el-input--label ff-el-is-required asterisk-right\"><label for='ff_4_message' id='label_ff_4_message' aria-label=\"Fale-nos resumidamente acerca do seu projeto \/ organiza\u00e7\u00e3o:\">Fale-nos resumidamente acerca do seu projeto \/ organiza\u00e7\u00e3o:<\/label><\/div><div class='ff-el-input--content'><textarea aria-required=\"true\" aria-labelledby=\"label_ff_4_message\" name=\"message\" id=\"ff_4_message\" class=\"ff-el-form-control\" rows=\"4\" cols=\"2\" data-name=\"message\" ><\/textarea><\/div><\/div><div class='ff-el-group    ff-el-input--content'><div class='ff-el-form-check ff-el-tc'><label aria-label='Termos e Condi\u00e7\u00f5es: Li e concordo com a Declara\u00e7\u00e3o de F\u00e9 e a Pol\u00edtica de Privacidade da MEVIC. Cont\u00e9m 2 link(s). Use a navega\u00e7\u00e3o por abas para consultar.' class='ff-el-form-check-label ff_tc_label' for=rgpd_608e19b20ff58c061e56fd416ca2cc6f><span class='ff_tc_checkbox'><input type=\"checkbox\" name=\"rgpd\" class=\"ff-el-form-check-input\" data-name=\"rgpd\" id=\"rgpd_608e19b20ff58c061e56fd416ca2cc6f\"  value='on' aria-invalid='false' aria-required=true><\/span> <div class='ff_t_c'><p>Li e concordo com a <a href=\"https:\/\/mevic.pt\/ir\/declaracao-de-fe\/\" target=\"_self\" rel=\"noopener\">Declara\u00e7\u00e3o de F\u00e9<\/a> e a <a href=\"https:\/\/mevic.pt\/ir\/privacidade\/\" target=\"_self\" rel=\"noopener\">Pol\u00edtica de Privacidade<\/a> da MEVIC.<\/p><\/div><\/label><\/div><\/div><div class='ff-el-group ff-text-center ff_submit_btn_wrapper'><button type=\"submit\" class=\"ff-btn ff-btn-submit ff-btn-md ff_btn_style wpf_has_custom_css\"  aria-label=\"Enviar\">Enviar<\/button><\/div><\/fieldset><\/form><div id='fluentform_4_errors' class='ff-errors-in-stack ff_form_instance_4_1 ff-form-loading_errors ff_form_instance_4_1_errors'><\/div><\/div>            <script type=\"text\/javascript\">\n                window.fluent_form_ff_form_instance_4_1 = {\"id\":\"4\",\"ajaxUrl\":\"https:\\\/\\\/mevic.pt\\\/ir\\\/wp-admin\\\/admin-ajax.php\",\"settings\":{\"layout\":{\"labelPlacement\":\"top\",\"helpMessagePlacement\":\"with_label\",\"errorMessagePlacement\":\"inline\"},\"restrictions\":{\"denyEmptySubmission\":{\"enabled\":false}}},\"form_instance\":\"ff_form_instance_4_1\",\"form_id_selector\":\"fluentform_4\",\"rules\":{\"first_name\":{\"required\":{\"value\":true,\"message\":\"Campo obrigat\\u00f3rio\",\"global_message\":\"Campo obrigat\\u00f3rio\",\"global\":true}},\"last_name\":{\"required\":{\"value\":true,\"message\":\"Campo obrigat\\u00f3rio\",\"global_message\":\"Campo obrigat\\u00f3rio\",\"global\":true}},\"entidade\":{\"required\":{\"value\":true,\"message\":\"Campo obrigat\\u00f3rio\",\"global_message\":\"Campo obrigat\\u00f3rio\",\"global\":true}},\"cargo\":{\"required\":{\"value\":true,\"message\":\"Campo obrigat\\u00f3rio\",\"global_message\":\"Campo obrigat\\u00f3rio\",\"global\":true}},\"telefone\":{\"required\":{\"value\":true,\"message\":\"Campo obrigat\\u00f3rio\",\"global_message\":\"Campo obrigat\\u00f3rio\",\"global\":true}},\"email\":{\"required\":{\"value\":true,\"message\":\"Campo obrigat\\u00f3rio\",\"global\":true,\"global_message\":\"Campo obrigat\\u00f3rio\"},\"email\":{\"value\":true,\"message\":\"Indique um email v\\u00e1lido\",\"global\":true,\"global_message\":\"Indique um email v\\u00e1lido\"}},\"assunto\":{\"required\":{\"value\":true,\"message\":\"Campo obrigat\\u00f3rio\",\"global_message\":\"Campo obrigat\\u00f3rio\",\"global\":true}},\"message\":{\"required\":{\"value\":true,\"message\":\"Campo obrigat\\u00f3rio\",\"global\":true,\"global_message\":\"Campo obrigat\\u00f3rio\"}},\"rgpd\":{\"required\":{\"value\":true,\"message\":\"Campo obrigat\\u00f3rio\",\"global_message\":\"Campo obrigat\\u00f3rio\",\"global\":true}}},\"debounce_time\":300};\n                            <\/script>\n            <\/div>\n<\/div>\n\n\n<input type=\"button\" value=\"Voltar\" class=\"alg_back_button_input \" style=\"color:#ffffff; border-radius:8px;\" onclick=\"window.history.back()\" \/>\n\n\n\n<div style=\"height:80px\" aria-hidden=\"true\" class=\"wp-block-spacer\"><\/div>\n<\/div><\/div>\n<\/div><\/div>\n","protected":false},"excerpt":{"rendered":"","protected":false},"author":1,"featured_media":0,"parent":0,"menu_order":0,"comment_status":"closed","ping_status":"closed","template":"","meta":{"_uag_custom_page_level_css":"","neve_meta_sidebar":"full-width","neve_meta_container":"","neve_meta_enable_content_width":"on","neve_meta_content_width":100,"neve_meta_title_alignment":"left","neve_meta_author_avatar":"","neve_post_elements_order":"","neve_meta_disable_header":"","neve_meta_disable_footer":"","neve_meta_disable_title":"off","_themeisle_gutenberg_block_has_review":false,"_vp_format_video_url":"","_vp_image_focal_point":[],"footnotes":""},"class_list":["post-926","page","type-page","status-publish","hentry"],"uagb_featured_image_src":{"full":false,"thumbnail":false,"medium":false,"medium_large":false,"large":false,"1536x1536":false,"2048x2048":false,"vp_sm":false,"vp_md":false,"vp_lg":false,"vp_xl":false,"vp_sm_popup":false,"vp_md_popup":false,"vp_xl_popup":false,"neve-blog":false},"uagb_author_info":{"display_name":"wpadminmev","author_link":"https:\/\/mevic.pt\/ir\/blog\/author\/wpadminmev\/"},"uagb_comment_info":0,"uagb_excerpt":null,"_links":{"self":[{"href":"https:\/\/mevic.pt\/ir\/wp-json\/wp\/v2\/pages\/926","targetHints":{"allow":["GET"]}}],"collection":[{"href":"https:\/\/mevic.pt\/ir\/wp-json\/wp\/v2\/pages"}],"about":[{"href":"https:\/\/mevic.pt\/ir\/wp-json\/wp\/v2\/types\/page"}],"author":[{"embeddable":true,"href":"https:\/\/mevic.pt\/ir\/wp-json\/wp\/v2\/users\/1"}],"replies":[{"embeddable":true,"href":"https:\/\/mevic.pt\/ir\/wp-json\/wp\/v2\/comments?post=926"}],"version-history":[{"count":177,"href":"https:\/\/mevic.pt\/ir\/wp-json\/wp\/v2\/pages\/926\/revisions"}],"predecessor-version":[{"id":3947,"href":"https:\/\/mevic.pt\/ir\/wp-json\/wp\/v2\/pages\/926\/revisions\/3947"}],"wp:attachment":[{"href":"https:\/\/mevic.pt\/ir\/wp-json\/wp\/v2\/media?parent=926"}],"curies":[{"name":"wp","href":"https:\/\/api.w.org\/{rel}","templated":true}]}}